{"id":3162,"date":"2023-12-13T08:43:47","date_gmt":"2023-12-13T08:43:47","guid":{"rendered":"https:\/\/bluziman.com\/?post_type=product&#038;p=3162"},"modified":"2024-03-20T12:06:16","modified_gmt":"2024-03-20T12:06:16","slug":"bluziman-puff-sin-relleno-blanco","status":"publish","type":"product","link":"https:\/\/bluziman.com\/?product=bluziman-puff-sin-relleno-blanco","title":{"rendered":"BLUZIMAN\u00ae &#8211; Puff Sin Relleno"},"content":{"rendered":"<ul class=\"a-unordered-list a-vertical a-spacing-mini\">\n<li class=\"a-spacing-mini\"><span class=\"a-list-item\">ATENCI\u00d3N &#8211; PUFF NO LLEVA RELLENO. Recomendable rellenar con 250 litros de Bolas de Poliestireno. Puedes comprar el relleno aparte en Amazon o aprovecha el relleno de tu viejo Puff y dale un aspecto nuevo y moderno a tu casa.<\/span><\/li>\n<li class=\"a-spacing-mini\"><span class=\"a-list-item\">DISE\u00d1ADO Y FABRICADO A MANO EN ESPA\u00d1A. Nuestros Puffs los fabricamos 100% en Espa\u00f1a de polipiel certificado de m\u00e1xima calidad cumpliendo todas las Normativas Europeas, lo que te garantiza que vas a disfrutar de un producto seguro y duradero.<\/span><\/li>\n<li class=\"a-spacing-mini\"><span class=\"a-list-item\">CON DOBLE COSTURA Y DOBLE CREMALLERA DE CALIDAD &#8211; IKK. Para evitar la p\u00e9rdida del relleno, asegurar la durabilidad y dar la resistencia extrafuerte, todos nuestros Puffs se confeccionan con doble costura.<\/span><\/li>\n<li class=\"a-spacing-mini\"><span class=\"a-list-item\">CON ASA Y DOBLE BOLSILLO. Para que te sea m\u00e1s c\u00f3modo transportarlo a cualquier sitio y que puedas tener a mano tu m\u00f3vil, el mando a distancia, un libro u otros objetos necesarios para relajarse y descansar, a\u00f1adimos doble bolsillo a nuestro Puff en la parte frontal y un asa en la parte superior.<\/span><\/li>\n<li class=\"a-spacing-mini\"><span class=\"a-list-item\">PARA TODAS LAS EDADES. Adultos, adolescentes o ni\u00f1os pod\u00e9is disfrutar de este Puff en la sala, dormitorio, habitaci\u00f3n de los ni\u00f1os, jard\u00edn o incluso en la terraza. Es ideal para ver la televisi\u00f3n, leer, jugar o simplemente relajarse.<\/span><\/li>\n<li class=\"a-spacing-mini\"><span class=\"a-list-item\">F\u00c1CIL DE LIMPIAR: Nuestro Puff es resistente a las manchas. Cualquier derrame o suciedad, se debe absorber y limpiar con una soluci\u00f3n de jab\u00f3n neutro, utilizando un pa\u00f1o, con movimientos circulares.<\/span><\/li>\n<li class=\"a-spacing-mini\"><span class=\"a-list-item\">DEVOLUCI\u00d3N GRATUITA Y GARANT\u00cdA DE BLUZIMAN INCLUIDA. Para tu total tranquilidad, la devoluci\u00f3n est\u00e1 garantizada sin coste ninguno durante 30 d\u00edas. Solo para productos vendidos por BLUZIMAN \/ Marca registrada.<\/span><\/li>\n<\/ul>\n","protected":false},"excerpt":{"rendered":"<p>Hecho de polipiel certificado, color blanco.<\/p>\n","protected":false},"featured_media":3206,"template":"","meta":{"site-sidebar-layout":"default","site-content-layout":"default","ast-site-content-layout":"","site-content-style":"default","site-sidebar-style":"default","ast-global-header-display":"","ast-banner-title-visibility":"","ast-main-header-display":"","ast-hfb-above-header-display":"","ast-hfb-below-header-display":"","ast-hfb-mobile-header-display":"","site-post-title":"","ast-breadcrumbs-content":"","ast-featured-img":"","footer-sml-layout":"","theme-transparent-header-meta":"default","adv-header-id-meta":"","stick-header-meta":"","header-above-stick-meta":"","header-main-stick-meta":"","header-below-stick-meta":"","astra-migrate-meta-layouts":"default","ast-page-background-enabled":"default","ast-page-background-meta":{"desktop":{"background-color":"","background-image":"","background-repeat":"repeat","background-position":"center center","background-size":"auto","background-attachment":"scroll","background-type":"","background-media":"","overlay-type":"","overlay-color":"","overlay-opacity":"","overlay-gradient":""},"tablet":{"background-color":"","background-image":"","background-repeat":"repeat","background-position":"center center","background-size":"auto","background-attachment":"scroll","background-type":"","background-media":"","overlay-type":"","overlay-color":"","overlay-opacity":"","overlay-gradient":""},"mobile":{"background-color":"","background-image":"","background-repeat":"repeat","background-position":"center center","background-size":"auto","background-attachment":"scroll","background-type":"","background-media":"","overlay-type":"","overlay-color":"","overlay-opacity":"","overlay-gradient":""}},"ast-content-background-meta":{"desktop":{"background-color":"var(--ast-global-color-5)","background-image":"","background-repeat":"repeat","background-position":"center center","background-size":"auto","background-attachment":"scroll","background-type":"","background-media":"","overlay-type":"","overlay-color":"","overlay-opacity":"","overlay-gradient":""},"tablet":{"background-color":"var(--ast-global-color-5)","background-image":"","background-repeat":"repeat","background-position":"center center","background-size":"auto","background-attachment":"scroll","background-type":"","background-media":"","overlay-type":"","overlay-color":"","overlay-opacity":"","overlay-gradient":""},"mobile":{"background-color":"var(--ast-global-color-5)","background-image":"","background-repeat":"repeat","background-position":"center center","background-size":"auto","background-attachment":"scroll","background-type":"","background-media":"","overlay-type":"","overlay-color":"","overlay-opacity":"","overlay-gradient":""}}},"product_brand":[],"product_cat":[40],"product_tag":[42,41],"class_list":{"0":"post-3162","1":"product","2":"type-product","3":"status-publish","4":"has-post-thumbnail","6":"product_cat-puff","7":"product_tag-polipiel","8":"product_tag-puff","9":"desktop-align-center","10":"tablet-align-left","11":"mobile-align-left","13":"first","14":"instock","15":"featured","16":"shipping-taxable","17":"product-type-external"},"yoast_head":"<!-- This site is optimized with the Yoast SEO plugin v27.6 - https:\/\/yoast.com\/product\/yoast-seo-wordpress\/ -->\n<title>BLUZIMAN\u00ae - Puff Sin Relleno - Bluziman<\/title>\n<meta name=\"description\" content=\"Comprar puff de polipiel blanco de gran calidad. Hecho en Espa\u00f1a respetando el medioambiente.\" \/>\n<meta name=\"robots\" content=\"index, follow, max-snippet:-1, max-image-preview:large, max-video-preview:-1\" \/>\n<link rel=\"canonical\" href=\"https:\/\/bluziman.com\/?product=bluziman-puff-sin-relleno-blanco\" \/>\n<meta property=\"og:locale\" content=\"es_ES\" \/>\n<meta property=\"og:type\" content=\"article\" \/>\n<meta property=\"og:title\" content=\"BLUZIMAN\u00ae - Puff Sin Relleno - Bluziman\" \/>\n<meta property=\"og:description\" content=\"Comprar puff de polipiel blanco de gran calidad. Hecho en Espa\u00f1a respetando el medioambiente.\" \/>\n<meta property=\"og:url\" content=\"https:\/\/bluziman.com\/?product=bluziman-puff-sin-relleno-blanco\" \/>\n<meta property=\"og:site_name\" content=\"Bluziman\" \/>\n<meta property=\"article:modified_time\" content=\"2024-03-20T12:06:16+00:00\" \/>\n<meta property=\"og:image\" content=\"https:\/\/bluziman.com\/wp-content\/uploads\/2023\/12\/Puff-blanco-png-1024x1024.png\" \/>\n\t<meta property=\"og:image:width\" content=\"1024\" \/>\n\t<meta property=\"og:image:height\" content=\"1024\" \/>\n\t<meta property=\"og:image:type\" content=\"image\/png\" \/>\n<meta name=\"twitter:card\" content=\"summary_large_image\" \/>\n<meta name=\"twitter:label1\" content=\"Tiempo de lectura\" \/>\n\t<meta name=\"twitter:data1\" content=\"2 minutos\" \/>\n<script type=\"application\/ld+json\" class=\"yoast-schema-graph\">{\"@context\":\"https:\\\/\\\/schema.org\",\"@graph\":[{\"@type\":\"WebPage\",\"@id\":\"https:\\\/\\\/bluziman.com\\\/?product=bluziman-puff-sin-relleno-blanco\",\"url\":\"https:\\\/\\\/bluziman.com\\\/?product=bluziman-puff-sin-relleno-blanco\",\"name\":\"BLUZIMAN\u00ae - Puff Sin Relleno - Bluziman\",\"isPartOf\":{\"@id\":\"https:\\\/\\\/bluziman.com\\\/#website\"},\"primaryImageOfPage\":{\"@id\":\"https:\\\/\\\/bluziman.com\\\/?product=bluziman-puff-sin-relleno-blanco#primaryimage\"},\"image\":{\"@id\":\"https:\\\/\\\/bluziman.com\\\/?product=bluziman-puff-sin-relleno-blanco#primaryimage\"},\"thumbnailUrl\":\"https:\\\/\\\/bluziman.com\\\/wp-content\\\/uploads\\\/2023\\\/12\\\/Puff-blanco-png.png\",\"datePublished\":\"2023-12-13T08:43:47+00:00\",\"dateModified\":\"2024-03-20T12:06:16+00:00\",\"description\":\"Comprar puff de polipiel blanco de gran calidad. Hecho en Espa\u00f1a respetando el medioambiente.\",\"breadcrumb\":{\"@id\":\"https:\\\/\\\/bluziman.com\\\/?product=bluziman-puff-sin-relleno-blanco#breadcrumb\"},\"inLanguage\":\"es\",\"potentialAction\":[{\"@type\":\"ReadAction\",\"target\":[\"https:\\\/\\\/bluziman.com\\\/?product=bluziman-puff-sin-relleno-blanco\"]}]},{\"@type\":\"ImageObject\",\"inLanguage\":\"es\",\"@id\":\"https:\\\/\\\/bluziman.com\\\/?product=bluziman-puff-sin-relleno-blanco#primaryimage\",\"url\":\"https:\\\/\\\/bluziman.com\\\/wp-content\\\/uploads\\\/2023\\\/12\\\/Puff-blanco-png.png\",\"contentUrl\":\"https:\\\/\\\/bluziman.com\\\/wp-content\\\/uploads\\\/2023\\\/12\\\/Puff-blanco-png.png\",\"width\":3600,\"height\":3600},{\"@type\":\"BreadcrumbList\",\"@id\":\"https:\\\/\\\/bluziman.com\\\/?product=bluziman-puff-sin-relleno-blanco#breadcrumb\",\"itemListElement\":[{\"@type\":\"ListItem\",\"position\":1,\"name\":\"Portada\",\"item\":\"https:\\\/\\\/bluziman.com\\\/\"},{\"@type\":\"ListItem\",\"position\":2,\"name\":\"Tienda\",\"item\":\"https:\\\/\\\/bluziman.com\\\/?page_id=38\"},{\"@type\":\"ListItem\",\"position\":3,\"name\":\"BLUZIMAN\u00ae &#8211; Puff Sin Relleno\"}]},{\"@type\":\"WebSite\",\"@id\":\"https:\\\/\\\/bluziman.com\\\/#website\",\"url\":\"https:\\\/\\\/bluziman.com\\\/\",\"name\":\"Bluziman\",\"description\":\"L\u00edder en mercado\",\"publisher\":{\"@id\":\"https:\\\/\\\/bluziman.com\\\/#organization\"},\"potentialAction\":[{\"@type\":\"SearchAction\",\"target\":{\"@type\":\"EntryPoint\",\"urlTemplate\":\"https:\\\/\\\/bluziman.com\\\/?s={search_term_string}\"},\"query-input\":{\"@type\":\"PropertyValueSpecification\",\"valueRequired\":true,\"valueName\":\"search_term_string\"}}],\"inLanguage\":\"es\"},{\"@type\":\"Organization\",\"@id\":\"https:\\\/\\\/bluziman.com\\\/#organization\",\"name\":\"Bluziman\",\"url\":\"https:\\\/\\\/bluziman.com\\\/\",\"logo\":{\"@type\":\"ImageObject\",\"inLanguage\":\"es\",\"@id\":\"https:\\\/\\\/bluziman.com\\\/#\\\/schema\\\/logo\\\/image\\\/\",\"url\":\"https:\\\/\\\/bluziman.com\\\/wp-content\\\/uploads\\\/2023\\\/12\\\/cropped-Logo-png.png\",\"contentUrl\":\"https:\\\/\\\/bluziman.com\\\/wp-content\\\/uploads\\\/2023\\\/12\\\/cropped-Logo-png.png\",\"width\":677,\"height\":721,\"caption\":\"Bluziman\"},\"image\":{\"@id\":\"https:\\\/\\\/bluziman.com\\\/#\\\/schema\\\/logo\\\/image\\\/\"}}]}<\/script>\n<!-- \/ Yoast SEO plugin. -->","yoast_head_json":{"title":"BLUZIMAN\u00ae - Puff Sin Relleno - Bluziman","description":"Comprar puff de polipiel blanco de gran calidad. Hecho en Espa\u00f1a respetando el medioambiente.","robots":{"index":"index","follow":"follow","max-snippet":"max-snippet:-1","max-image-preview":"max-image-preview:large","max-video-preview":"max-video-preview:-1"},"canonical":"https:\/\/bluziman.com\/?product=bluziman-puff-sin-relleno-blanco","og_locale":"es_ES","og_type":"article","og_title":"BLUZIMAN\u00ae - Puff Sin Relleno - Bluziman","og_description":"Comprar puff de polipiel blanco de gran calidad. Hecho en Espa\u00f1a respetando el medioambiente.","og_url":"https:\/\/bluziman.com\/?product=bluziman-puff-sin-relleno-blanco","og_site_name":"Bluziman","article_modified_time":"2024-03-20T12:06:16+00:00","og_image":[{"width":1024,"height":1024,"url":"https:\/\/bluziman.com\/wp-content\/uploads\/2023\/12\/Puff-blanco-png-1024x1024.png","type":"image\/png"}],"twitter_card":"summary_large_image","twitter_misc":{"Tiempo de lectura":"2 minutos"},"schema":{"@context":"https:\/\/schema.org","@graph":[{"@type":"WebPage","@id":"https:\/\/bluziman.com\/?product=bluziman-puff-sin-relleno-blanco","url":"https:\/\/bluziman.com\/?product=bluziman-puff-sin-relleno-blanco","name":"BLUZIMAN\u00ae - Puff Sin Relleno - Bluziman","isPartOf":{"@id":"https:\/\/bluziman.com\/#website"},"primaryImageOfPage":{"@id":"https:\/\/bluziman.com\/?product=bluziman-puff-sin-relleno-blanco#primaryimage"},"image":{"@id":"https:\/\/bluziman.com\/?product=bluziman-puff-sin-relleno-blanco#primaryimage"},"thumbnailUrl":"https:\/\/bluziman.com\/wp-content\/uploads\/2023\/12\/Puff-blanco-png.png","datePublished":"2023-12-13T08:43:47+00:00","dateModified":"2024-03-20T12:06:16+00:00","description":"Comprar puff de polipiel blanco de gran calidad. Hecho en Espa\u00f1a respetando el medioambiente.","breadcrumb":{"@id":"https:\/\/bluziman.com\/?product=bluziman-puff-sin-relleno-blanco#breadcrumb"},"inLanguage":"es","potentialAction":[{"@type":"ReadAction","target":["https:\/\/bluziman.com\/?product=bluziman-puff-sin-relleno-blanco"]}]},{"@type":"ImageObject","inLanguage":"es","@id":"https:\/\/bluziman.com\/?product=bluziman-puff-sin-relleno-blanco#primaryimage","url":"https:\/\/bluziman.com\/wp-content\/uploads\/2023\/12\/Puff-blanco-png.png","contentUrl":"https:\/\/bluziman.com\/wp-content\/uploads\/2023\/12\/Puff-blanco-png.png","width":3600,"height":3600},{"@type":"BreadcrumbList","@id":"https:\/\/bluziman.com\/?product=bluziman-puff-sin-relleno-blanco#breadcrumb","itemListElement":[{"@type":"ListItem","position":1,"name":"Portada","item":"https:\/\/bluziman.com\/"},{"@type":"ListItem","position":2,"name":"Tienda","item":"https:\/\/bluziman.com\/?page_id=38"},{"@type":"ListItem","position":3,"name":"BLUZIMAN\u00ae &#8211; Puff Sin Relleno"}]},{"@type":"WebSite","@id":"https:\/\/bluziman.com\/#website","url":"https:\/\/bluziman.com\/","name":"Bluziman","description":"L\u00edder en mercado","publisher":{"@id":"https:\/\/bluziman.com\/#organization"},"potentialAction":[{"@type":"SearchAction","target":{"@type":"EntryPoint","urlTemplate":"https:\/\/bluziman.com\/?s={search_term_string}"},"query-input":{"@type":"PropertyValueSpecification","valueRequired":true,"valueName":"search_term_string"}}],"inLanguage":"es"},{"@type":"Organization","@id":"https:\/\/bluziman.com\/#organization","name":"Bluziman","url":"https:\/\/bluziman.com\/","logo":{"@type":"ImageObject","inLanguage":"es","@id":"https:\/\/bluziman.com\/#\/schema\/logo\/image\/","url":"https:\/\/bluziman.com\/wp-content\/uploads\/2023\/12\/cropped-Logo-png.png","contentUrl":"https:\/\/bluziman.com\/wp-content\/uploads\/2023\/12\/cropped-Logo-png.png","width":677,"height":721,"caption":"Bluziman"},"image":{"@id":"https:\/\/bluziman.com\/#\/schema\/logo\/image\/"}}]}},"_links":{"self":[{"href":"https:\/\/bluziman.com\/index.php?rest_route=\/wp\/v2\/product\/3162","targetHints":{"allow":["GET"]}}],"collection":[{"href":"https:\/\/bluziman.com\/index.php?rest_route=\/wp\/v2\/product"}],"about":[{"href":"https:\/\/bluziman.com\/index.php?rest_route=\/wp\/v2\/types\/product"}],"version-history":[{"count":1,"href":"https:\/\/bluziman.com\/index.php?rest_route=\/wp\/v2\/product\/3162\/revisions"}],"predecessor-version":[{"id":3163,"href":"https:\/\/bluziman.com\/index.php?rest_route=\/wp\/v2\/product\/3162\/revisions\/3163"}],"wp:featuredmedia":[{"embeddable":true,"href":"https:\/\/bluziman.com\/index.php?rest_route=\/wp\/v2\/media\/3206"}],"wp:attachment":[{"href":"https:\/\/bluziman.com\/index.php?rest_route=%2Fwp%2Fv2%2Fmedia&parent=3162"}],"wp:term":[{"taxonomy":"product_brand","embeddable":true,"href":"https:\/\/bluziman.com\/index.php?rest_route=%2Fwp%2Fv2%2Fproduct_brand&post=3162"},{"taxonomy":"product_cat","embeddable":true,"href":"https:\/\/bluziman.com\/index.php?rest_route=%2Fwp%2Fv2%2Fproduct_cat&post=3162"},{"taxonomy":"product_tag","embeddable":true,"href":"https:\/\/bluziman.com\/index.php?rest_route=%2Fwp%2Fv2%2Fproduct_tag&post=3162"}],"curies":[{"name":"wp","href":"https:\/\/api.w.org\/{rel}","templated":true}]}}