{"id":3166,"date":"2023-12-13T08:45:09","date_gmt":"2023-12-13T08:45:09","guid":{"rendered":"https:\/\/bluziman.com\/?post_type=product&#038;p=3166"},"modified":"2024-03-21T10:16:01","modified_gmt":"2024-03-21T10:16:01","slug":"bluziman-reposapies-puff-blanco","status":"publish","type":"product","link":"https:\/\/bluziman.com\/?product=bluziman-reposapies-puff-blanco","title":{"rendered":"BLUZIMAN\u00ae &#8211; Reposapies Puff"},"content":{"rendered":"<ul class=\"a-unordered-list a-vertical a-spacing-mini\">\n<li class=\"a-spacing-mini\"><span class=\"a-list-item\">DISE\u00d1ADO Y FABRICADO A MANO EN ESPA\u00d1A. Nuestros Reposapi\u00e9s de m\u00e1xima calidad de polipiel certificada los fabricamos 100% en Espa\u00f1a de tejido PU\/PVC de alta resistencia y durabilidad.<\/span><\/li>\n<li class=\"a-spacing-mini\"><span class=\"a-list-item\">CON RELLENO INCLUIDO. Los Reposapi\u00e9s los rellenamos con el mejor relleno para puffs &#8211; Perlas de Poliestireno Expandido (EPS) de m\u00e1xima calidad y con una densidad superior fabricados en Espa\u00f1a.<\/span><\/li>\n<li class=\"a-spacing-mini\"><span class=\"a-list-item\">REPOSAPIES &#8211; TABURETE. Este Reposapi\u00e9s es Multiusos. La ventaja de tener diferentes medidas de ancho, fondo y alto (45x34x25 cm.) te permite sentarte o relajar los pies en la altura deseada para tu mayor comodidad.<\/span><\/li>\n<li class=\"a-spacing-mini\"><span class=\"a-list-item\">CON DOBLE COSTURA Y DOBLE CREMALLERA DE CALIDAD &#8211; IKK. Para evitar la p\u00e9rdida de relleno, asegurar su durabilidad y dar resistencia extrafuerte, todos nuestros Puffs se confeccionan con doble costura.<\/span><\/li>\n<li class=\"a-spacing-mini\"><span class=\"a-list-item\">CON ASA. Para que puedas transportarlo m\u00e1s c\u00f3modamente a cualquier sitio, a\u00f1adimos un asa en el lateral del Reposapi\u00e9s.<\/span><\/li>\n<li class=\"a-spacing-mini\"><span class=\"a-list-item\">PARA TODAS LAS EDADES. Adultos, adolescentes o ni\u00f1os pod\u00e9is disfrutar de este Reposapi\u00e9s en la sala, dormitorio, habitaci\u00f3n de los ni\u00f1os, jard\u00edn o incluso en la terraza.<\/span><\/li>\n<li class=\"a-spacing-mini\"><span class=\"a-list-item\">F\u00c1CIL DE LIMPIAR: Nuestro Reposapi\u00e9s es resistente a las manchas. Cualquier derrame o suciedad, se debe absorber y limpiar con una soluci\u00f3n de jab\u00f3n neutro, utilizando un pa\u00f1o, con movimientos circulares.<\/span><\/li>\n<li class=\"a-spacing-mini\"><span class=\"a-list-item\">DEVOLUCI\u00d3N GRATUITA Y GARANT\u00cdA DE BLUZIMAN INCLUIDA. Para tu total tranquilidad, la devoluci\u00f3n est\u00e1 garantizada sin coste ninguno durante 30 d\u00edas. Solo para productos vendidos por BLUZIMAN \/ Marca registrada.<\/span><\/li>\n<\/ul>\n","protected":false},"excerpt":{"rendered":"<p>Hecho de polipiel certificado, color blanco.<\/p>\n","protected":false},"featured_media":3207,"template":"","meta":{"site-sidebar-layout":"default","site-content-layout":"default","ast-site-content-layout":"","site-content-style":"default","site-sidebar-style":"default","ast-global-header-display":"","ast-banner-title-visibility":"","ast-main-header-display":"","ast-hfb-above-header-display":"","ast-hfb-below-header-display":"","ast-hfb-mobile-header-display":"","site-post-title":"","ast-breadcrumbs-content":"","ast-featured-img":"","footer-sml-layout":"","theme-transparent-header-meta":"default","adv-header-id-meta":"","stick-header-meta":"","header-above-stick-meta":"","header-main-stick-meta":"","header-below-stick-meta":"","astra-migrate-meta-layouts":"default","ast-page-background-enabled":"default","ast-page-background-meta":{"desktop":{"background-color":"","background-image":"","background-repeat":"repeat","background-position":"center center","background-size":"auto","background-attachment":"scroll","background-type":"","background-media":"","overlay-type":"","overlay-color":"","overlay-opacity":"","overlay-gradient":""},"tablet":{"background-color":"","background-image":"","background-repeat":"repeat","background-position":"center center","background-size":"auto","background-attachment":"scroll","background-type":"","background-media":"","overlay-type":"","overlay-color":"","overlay-opacity":"","overlay-gradient":""},"mobile":{"background-color":"","background-image":"","background-repeat":"repeat","background-position":"center center","background-size":"auto","background-attachment":"scroll","background-type":"","background-media":"","overlay-type":"","overlay-color":"","overlay-opacity":"","overlay-gradient":""}},"ast-content-background-meta":{"desktop":{"background-color":"var(--ast-global-color-5)","background-image":"","background-repeat":"repeat","background-position":"center center","background-size":"auto","background-attachment":"scroll","background-type":"","background-media":"","overlay-type":"","overlay-color":"","overlay-opacity":"","overlay-gradient":""},"tablet":{"background-color":"var(--ast-global-color-5)","background-image":"","background-repeat":"repeat","background-position":"center center","background-size":"auto","background-attachment":"scroll","background-type":"","background-media":"","overlay-type":"","overlay-color":"","overlay-opacity":"","overlay-gradient":""},"mobile":{"background-color":"var(--ast-global-color-5)","background-image":"","background-repeat":"repeat","background-position":"center center","background-size":"auto","background-attachment":"scroll","background-type":"","background-media":"","overlay-type":"","overlay-color":"","overlay-opacity":"","overlay-gradient":""}}},"product_brand":[],"product_cat":[45],"product_tag":[41,43],"class_list":{"0":"post-3166","1":"product","2":"type-product","3":"status-publish","4":"has-post-thumbnail","6":"product_cat-reposapies","7":"product_tag-puff","8":"product_tag-reposapies","9":"desktop-align-center","10":"tablet-align-left","11":"mobile-align-left","13":"first","14":"instock","15":"featured","16":"shipping-taxable","17":"product-type-external"},"yoast_head":"<!-- This site is optimized with the Yoast SEO plugin v27.6 - https:\/\/yoast.com\/product\/yoast-seo-wordpress\/ -->\n<title>BLUZIMAN\u00ae - Reposapies Puff - Bluziman<\/title>\n<meta name=\"description\" content=\"Comprar reposapi\u00e9s de polipiel blanco. Gran calidad, fabricado en Espa\u00f1a respetando el medioambiente.\" \/>\n<meta name=\"robots\" content=\"index, follow, max-snippet:-1, max-image-preview:large, max-video-preview:-1\" \/>\n<link rel=\"canonical\" href=\"https:\/\/bluziman.com\/?product=bluziman-reposapies-puff-blanco\" \/>\n<meta property=\"og:locale\" content=\"es_ES\" \/>\n<meta property=\"og:type\" content=\"article\" \/>\n<meta property=\"og:title\" content=\"BLUZIMAN\u00ae - Reposapies Puff - Bluziman\" \/>\n<meta property=\"og:description\" content=\"Comprar reposapi\u00e9s de polipiel blanco. Gran calidad, fabricado en Espa\u00f1a respetando el medioambiente.\" \/>\n<meta property=\"og:url\" content=\"https:\/\/bluziman.com\/?product=bluziman-reposapies-puff-blanco\" \/>\n<meta property=\"og:site_name\" content=\"Bluziman\" \/>\n<meta property=\"article:modified_time\" content=\"2024-03-21T10:16:01+00:00\" \/>\n<meta property=\"og:image\" content=\"https:\/\/bluziman.com\/wp-content\/uploads\/2023\/12\/Reposapies-blanco-png-1024x813.png\" \/>\n\t<meta property=\"og:image:width\" content=\"1024\" \/>\n\t<meta property=\"og:image:height\" content=\"813\" \/>\n\t<meta property=\"og:image:type\" content=\"image\/png\" \/>\n<meta name=\"twitter:card\" content=\"summary_large_image\" \/>\n<meta name=\"twitter:label1\" content=\"Tiempo de lectura\" \/>\n\t<meta name=\"twitter:data1\" content=\"2 minutos\" \/>\n<script type=\"application\/ld+json\" class=\"yoast-schema-graph\">{\"@context\":\"https:\\\/\\\/schema.org\",\"@graph\":[{\"@type\":\"WebPage\",\"@id\":\"https:\\\/\\\/bluziman.com\\\/?product=bluziman-reposapies-puff-blanco\",\"url\":\"https:\\\/\\\/bluziman.com\\\/?product=bluziman-reposapies-puff-blanco\",\"name\":\"BLUZIMAN\u00ae - Reposapies Puff - Bluziman\",\"isPartOf\":{\"@id\":\"https:\\\/\\\/bluziman.com\\\/#website\"},\"primaryImageOfPage\":{\"@id\":\"https:\\\/\\\/bluziman.com\\\/?product=bluziman-reposapies-puff-blanco#primaryimage\"},\"image\":{\"@id\":\"https:\\\/\\\/bluziman.com\\\/?product=bluziman-reposapies-puff-blanco#primaryimage\"},\"thumbnailUrl\":\"https:\\\/\\\/bluziman.com\\\/wp-content\\\/uploads\\\/2023\\\/12\\\/Reposapies-blanco-png.png\",\"datePublished\":\"2023-12-13T08:45:09+00:00\",\"dateModified\":\"2024-03-21T10:16:01+00:00\",\"description\":\"Comprar reposapi\u00e9s de polipiel blanco. Gran calidad, fabricado en Espa\u00f1a respetando el medioambiente.\",\"breadcrumb\":{\"@id\":\"https:\\\/\\\/bluziman.com\\\/?product=bluziman-reposapies-puff-blanco#breadcrumb\"},\"inLanguage\":\"es\",\"potentialAction\":[{\"@type\":\"ReadAction\",\"target\":[\"https:\\\/\\\/bluziman.com\\\/?product=bluziman-reposapies-puff-blanco\"]}]},{\"@type\":\"ImageObject\",\"inLanguage\":\"es\",\"@id\":\"https:\\\/\\\/bluziman.com\\\/?product=bluziman-reposapies-puff-blanco#primaryimage\",\"url\":\"https:\\\/\\\/bluziman.com\\\/wp-content\\\/uploads\\\/2023\\\/12\\\/Reposapies-blanco-png.png\",\"contentUrl\":\"https:\\\/\\\/bluziman.com\\\/wp-content\\\/uploads\\\/2023\\\/12\\\/Reposapies-blanco-png.png\",\"width\":3472,\"height\":2756},{\"@type\":\"BreadcrumbList\",\"@id\":\"https:\\\/\\\/bluziman.com\\\/?product=bluziman-reposapies-puff-blanco#breadcrumb\",\"itemListElement\":[{\"@type\":\"ListItem\",\"position\":1,\"name\":\"Portada\",\"item\":\"https:\\\/\\\/bluziman.com\\\/\"},{\"@type\":\"ListItem\",\"position\":2,\"name\":\"Tienda\",\"item\":\"https:\\\/\\\/bluziman.com\\\/?page_id=38\"},{\"@type\":\"ListItem\",\"position\":3,\"name\":\"BLUZIMAN\u00ae &#8211; Reposapies Puff\"}]},{\"@type\":\"WebSite\",\"@id\":\"https:\\\/\\\/bluziman.com\\\/#website\",\"url\":\"https:\\\/\\\/bluziman.com\\\/\",\"name\":\"Bluziman\",\"description\":\"L\u00edder en mercado\",\"publisher\":{\"@id\":\"https:\\\/\\\/bluziman.com\\\/#organization\"},\"potentialAction\":[{\"@type\":\"SearchAction\",\"target\":{\"@type\":\"EntryPoint\",\"urlTemplate\":\"https:\\\/\\\/bluziman.com\\\/?s={search_term_string}\"},\"query-input\":{\"@type\":\"PropertyValueSpecification\",\"valueRequired\":true,\"valueName\":\"search_term_string\"}}],\"inLanguage\":\"es\"},{\"@type\":\"Organization\",\"@id\":\"https:\\\/\\\/bluziman.com\\\/#organization\",\"name\":\"Bluziman\",\"url\":\"https:\\\/\\\/bluziman.com\\\/\",\"logo\":{\"@type\":\"ImageObject\",\"inLanguage\":\"es\",\"@id\":\"https:\\\/\\\/bluziman.com\\\/#\\\/schema\\\/logo\\\/image\\\/\",\"url\":\"https:\\\/\\\/bluziman.com\\\/wp-content\\\/uploads\\\/2023\\\/12\\\/cropped-Logo-png.png\",\"contentUrl\":\"https:\\\/\\\/bluziman.com\\\/wp-content\\\/uploads\\\/2023\\\/12\\\/cropped-Logo-png.png\",\"width\":677,\"height\":721,\"caption\":\"Bluziman\"},\"image\":{\"@id\":\"https:\\\/\\\/bluziman.com\\\/#\\\/schema\\\/logo\\\/image\\\/\"}}]}<\/script>\n<!-- \/ Yoast SEO plugin. -->","yoast_head_json":{"title":"BLUZIMAN\u00ae - Reposapies Puff - Bluziman","description":"Comprar reposapi\u00e9s de polipiel blanco. Gran calidad, fabricado en Espa\u00f1a respetando el medioambiente.","robots":{"index":"index","follow":"follow","max-snippet":"max-snippet:-1","max-image-preview":"max-image-preview:large","max-video-preview":"max-video-preview:-1"},"canonical":"https:\/\/bluziman.com\/?product=bluziman-reposapies-puff-blanco","og_locale":"es_ES","og_type":"article","og_title":"BLUZIMAN\u00ae - Reposapies Puff - Bluziman","og_description":"Comprar reposapi\u00e9s de polipiel blanco. Gran calidad, fabricado en Espa\u00f1a respetando el medioambiente.","og_url":"https:\/\/bluziman.com\/?product=bluziman-reposapies-puff-blanco","og_site_name":"Bluziman","article_modified_time":"2024-03-21T10:16:01+00:00","og_image":[{"width":1024,"height":813,"url":"https:\/\/bluziman.com\/wp-content\/uploads\/2023\/12\/Reposapies-blanco-png-1024x813.png","type":"image\/png"}],"twitter_card":"summary_large_image","twitter_misc":{"Tiempo de lectura":"2 minutos"},"schema":{"@context":"https:\/\/schema.org","@graph":[{"@type":"WebPage","@id":"https:\/\/bluziman.com\/?product=bluziman-reposapies-puff-blanco","url":"https:\/\/bluziman.com\/?product=bluziman-reposapies-puff-blanco","name":"BLUZIMAN\u00ae - Reposapies Puff - Bluziman","isPartOf":{"@id":"https:\/\/bluziman.com\/#website"},"primaryImageOfPage":{"@id":"https:\/\/bluziman.com\/?product=bluziman-reposapies-puff-blanco#primaryimage"},"image":{"@id":"https:\/\/bluziman.com\/?product=bluziman-reposapies-puff-blanco#primaryimage"},"thumbnailUrl":"https:\/\/bluziman.com\/wp-content\/uploads\/2023\/12\/Reposapies-blanco-png.png","datePublished":"2023-12-13T08:45:09+00:00","dateModified":"2024-03-21T10:16:01+00:00","description":"Comprar reposapi\u00e9s de polipiel blanco. Gran calidad, fabricado en Espa\u00f1a respetando el medioambiente.","breadcrumb":{"@id":"https:\/\/bluziman.com\/?product=bluziman-reposapies-puff-blanco#breadcrumb"},"inLanguage":"es","potentialAction":[{"@type":"ReadAction","target":["https:\/\/bluziman.com\/?product=bluziman-reposapies-puff-blanco"]}]},{"@type":"ImageObject","inLanguage":"es","@id":"https:\/\/bluziman.com\/?product=bluziman-reposapies-puff-blanco#primaryimage","url":"https:\/\/bluziman.com\/wp-content\/uploads\/2023\/12\/Reposapies-blanco-png.png","contentUrl":"https:\/\/bluziman.com\/wp-content\/uploads\/2023\/12\/Reposapies-blanco-png.png","width":3472,"height":2756},{"@type":"BreadcrumbList","@id":"https:\/\/bluziman.com\/?product=bluziman-reposapies-puff-blanco#breadcrumb","itemListElement":[{"@type":"ListItem","position":1,"name":"Portada","item":"https:\/\/bluziman.com\/"},{"@type":"ListItem","position":2,"name":"Tienda","item":"https:\/\/bluziman.com\/?page_id=38"},{"@type":"ListItem","position":3,"name":"BLUZIMAN\u00ae &#8211; Reposapies Puff"}]},{"@type":"WebSite","@id":"https:\/\/bluziman.com\/#website","url":"https:\/\/bluziman.com\/","name":"Bluziman","description":"L\u00edder en mercado","publisher":{"@id":"https:\/\/bluziman.com\/#organization"},"potentialAction":[{"@type":"SearchAction","target":{"@type":"EntryPoint","urlTemplate":"https:\/\/bluziman.com\/?s={search_term_string}"},"query-input":{"@type":"PropertyValueSpecification","valueRequired":true,"valueName":"search_term_string"}}],"inLanguage":"es"},{"@type":"Organization","@id":"https:\/\/bluziman.com\/#organization","name":"Bluziman","url":"https:\/\/bluziman.com\/","logo":{"@type":"ImageObject","inLanguage":"es","@id":"https:\/\/bluziman.com\/#\/schema\/logo\/image\/","url":"https:\/\/bluziman.com\/wp-content\/uploads\/2023\/12\/cropped-Logo-png.png","contentUrl":"https:\/\/bluziman.com\/wp-content\/uploads\/2023\/12\/cropped-Logo-png.png","width":677,"height":721,"caption":"Bluziman"},"image":{"@id":"https:\/\/bluziman.com\/#\/schema\/logo\/image\/"}}]}},"_links":{"self":[{"href":"https:\/\/bluziman.com\/index.php?rest_route=\/wp\/v2\/product\/3166","targetHints":{"allow":["GET"]}}],"collection":[{"href":"https:\/\/bluziman.com\/index.php?rest_route=\/wp\/v2\/product"}],"about":[{"href":"https:\/\/bluziman.com\/index.php?rest_route=\/wp\/v2\/types\/product"}],"version-history":[{"count":1,"href":"https:\/\/bluziman.com\/index.php?rest_route=\/wp\/v2\/product\/3166\/revisions"}],"predecessor-version":[{"id":3167,"href":"https:\/\/bluziman.com\/index.php?rest_route=\/wp\/v2\/product\/3166\/revisions\/3167"}],"wp:featuredmedia":[{"embeddable":true,"href":"https:\/\/bluziman.com\/index.php?rest_route=\/wp\/v2\/media\/3207"}],"wp:attachment":[{"href":"https:\/\/bluziman.com\/index.php?rest_route=%2Fwp%2Fv2%2Fmedia&parent=3166"}],"wp:term":[{"taxonomy":"product_brand","embeddable":true,"href":"https:\/\/bluziman.com\/index.php?rest_route=%2Fwp%2Fv2%2Fproduct_brand&post=3166"},{"taxonomy":"product_cat","embeddable":true,"href":"https:\/\/bluziman.com\/index.php?rest_route=%2Fwp%2Fv2%2Fproduct_cat&post=3166"},{"taxonomy":"product_tag","embeddable":true,"href":"https:\/\/bluziman.com\/index.php?rest_route=%2Fwp%2Fv2%2Fproduct_tag&post=3166"}],"curies":[{"name":"wp","href":"https:\/\/api.w.org\/{rel}","templated":true}]}}