{"id":4220,"date":"2024-10-31T11:00:40","date_gmt":"2024-10-31T11:00:40","guid":{"rendered":"https:\/\/bluziman.com\/?post_type=product&#038;p=4220"},"modified":"2025-01-17T13:50:24","modified_gmt":"2025-01-17T13:50:24","slug":"bluziman-sabana-bajera-150x200-premium-400-hilos-hecho-en-espana-lujoso-saten-100-algodon-natural-peinado-virgen-de-fibra-larga-sabana-bajera-ajustable","status":"publish","type":"product","link":"https:\/\/bluziman.com\/?product=bluziman-sabana-bajera-150x200-premium-400-hilos-hecho-en-espana-lujoso-saten-100-algodon-natural-peinado-virgen-de-fibra-larga-sabana-bajera-ajustable","title":{"rendered":"BLUZIMAN\u00ae &#8211; Sabana Bajera 150&#215;200 Premium 400 Hilos Hecho en Espa\u00f1a, Lujoso Sat\u00e9n 100% Algodon Natural Peinado Virgen de Fibra Larga, S\u00e1bana Bajera Ajustable"},"content":{"rendered":"<p>\u25ba DISE\u00d1ADO Y FABRICADO 100% EN ESPA\u00d1A. Tejido manipulado, cortado y confeccionado a mano 100% en Espa\u00f1a, cumpliendo con todas las normativas europeas, garantizando as\u00ed que disfrutes de un producto seguro y de alta calidad.<br \/>\n\u25ba CONFORT SUPERIOR 100% ALGOD\u00d3N NATURAL. Nuestras s\u00e1banas de larga duraci\u00f3n que cuenta con un tejido de 400 hilos y acabado antipilling (no hace bolitas) est\u00e1n fabricadas al 100% de algod\u00f3n natural virgen de fibra larga, consiguiendo piezas de calidad excepcional y resistencia. Ideal para uso particular en hogar como profesional para Hosteler\u00eda.<br \/>\n\u25ba HIPOALERG\u00c9NICAS Y TRANSPIRABLES. Elegir s\u00e1banas bajeras 100% algod\u00f3n natural es una excelente opci\u00f3n para conseguir una experiencia de descanso placentera. Ayudan a mantener la temperatura adecuada durante todas las estaciones, permiten que el aire circule, absorben la humedad del cuerpo manteni\u00e9ndote seco y c\u00f3modo durante la noche y al ser fibras naturales no acumulan \u00e1caros y evitan reacciones al\u00e9rgicas.<br \/>\n\u25ba ELEGANCIA Y FUNCIONALIDAD. Las s\u00e1banas bajeras de algod\u00f3n de 400 hilos, mayormente utilizadas por hoteles de alto standing por su textura lujosa y calidad, son resistentes y duraderas, soportan el desgaste diario y lavados frecuentes, brindando as\u00ed un toque de elegancia y un descanso excepcional cada noche.<br \/>\n\u25ba AJUSTE PERFECTO. Gracias a las gomas de nuestra s\u00e1bana bajera conseguir\u00e1s un ajuste perfecto en colchones de hasta 30cm de alto, y disfrutar\u00e1s de un descanso excelente sin que se deslice mientras duermes.<br \/>\n\u25ba PIEZAS DE ALTA CALIDAD. Tratamos el algod\u00f3n con procesos como el mercerizado y sanforizado. Gracias al primero conseguimos que el tejido sea m\u00e1s suave y resistente, y con el sanforizado conseguimos que no se encojan al lavarlas, consiguiendo as\u00ed unas piezas duraderas y de gran resistencia.<br \/>\n\u25ba DEVOLUCI\u00d3N GRATUITA Y GARANT\u00cdA DE BLUZIMAN INCLUIDA. Para tu total tranquilidad, la devoluci\u00f3n est\u00e1 garantizada sin coste alguno. Puedes probarla, y si no te convence, podr\u00e1s devolverla totalmente gratis. Aplicable solo para los productos vendidos por BLUZIMAN \/ Marca registrada.<\/p>\n","protected":false},"excerpt":{"rendered":"<p>\u25ba DISE\u00d1ADO Y FABRICADO 100% EN ESPA\u00d1A. Tejido manipulado, cortado y confeccionado a mano 100% en Espa\u00f1a, cumpliendo con todas las normativas europeas, garantizando as\u00ed que disfrutes de un producto seguro y de alta calidad. \u25ba CONFORT SUPERIOR 100% ALGOD\u00d3N NATURAL. Nuestras s\u00e1banas de larga duraci\u00f3n que cuenta con un tejido de 400 hilos y [&hellip;]<\/p>\n","protected":false},"featured_media":4362,"template":"","meta":{"site-sidebar-layout":"default","site-content-layout":"","ast-site-content-layout":"default","site-content-style":"default","site-sidebar-style":"default","ast-global-header-display":"","ast-banner-title-visibility":"","ast-main-header-display":"","ast-hfb-above-header-display":"","ast-hfb-below-header-display":"","ast-hfb-mobile-header-display":"","site-post-title":"","ast-breadcrumbs-content":"","ast-featured-img":"","footer-sml-layout":"","theme-transparent-header-meta":"default","adv-header-id-meta":"","stick-header-meta":"","header-above-stick-meta":"","header-main-stick-meta":"","header-below-stick-meta":"","astra-migrate-meta-layouts":"set","ast-page-background-enabled":"default","ast-page-background-meta":{"desktop":{"background-color":"","background-image":"","background-repeat":"repeat","background-position":"center center","background-size":"auto","background-attachment":"scroll","background-type":"","background-media":"","overlay-type":"","overlay-color":"","overlay-opacity":"","overlay-gradient":""},"tablet":{"background-color":"","background-image":"","background-repeat":"repeat","background-position":"center center","background-size":"auto","background-attachment":"scroll","background-type":"","background-media":"","overlay-type":"","overlay-color":"","overlay-opacity":"","overlay-gradient":""},"mobile":{"background-color":"","background-image":"","background-repeat":"repeat","background-position":"center center","background-size":"auto","background-attachment":"scroll","background-type":"","background-media":"","overlay-type":"","overlay-color":"","overlay-opacity":"","overlay-gradient":""}},"ast-content-background-meta":{"desktop":{"background-color":"var(--ast-global-color-5)","background-image":"","background-repeat":"repeat","background-position":"center center","background-size":"auto","background-attachment":"scroll","background-type":"","background-media":"","overlay-type":"","overlay-color":"","overlay-opacity":"","overlay-gradient":""},"tablet":{"background-color":"var(--ast-global-color-5)","background-image":"","background-repeat":"repeat","background-position":"center center","background-size":"auto","background-attachment":"scroll","background-type":"","background-media":"","overlay-type":"","overlay-color":"","overlay-opacity":"","overlay-gradient":""},"mobile":{"background-color":"var(--ast-global-color-5)","background-image":"","background-repeat":"repeat","background-position":"center center","background-size":"auto","background-attachment":"scroll","background-type":"","background-media":"","overlay-type":"","overlay-color":"","overlay-opacity":"","overlay-gradient":""}}},"product_brand":[],"product_cat":[97,111,124],"product_tag":[125],"class_list":{"0":"post-4220","1":"product","2":"type-product","3":"status-publish","4":"has-post-thumbnail","6":"product_cat-400-hilos","7":"product_cat-400-hilos-juegos-de-funda-nordica","8":"product_cat-sabanas-bajeras","9":"product_tag-sabana-bajera","10":"desktop-align-center","11":"tablet-align-left","12":"mobile-align-left","14":"first","15":"instock","16":"featured","17":"shipping-taxable","18":"product-type-external"},"yoast_head":"<!-- This site is optimized with the Yoast SEO plugin v27.4 - https:\/\/yoast.com\/product\/yoast-seo-wordpress\/ -->\n<title>BLUZIMAN\u00ae - Sabana Bajera 150x200 Premium 400 Hilos Hecho en Espa\u00f1a, Lujoso Sat\u00e9n 100% Algodon Natural Peinado Virgen de Fibra Larga, S\u00e1bana Bajera Ajustable - Bluziman<\/title>\n<meta name=\"description\" content=\"S\u00e1bana bajera de 400 hilos Hecha en Espa\u00f1a con algod\u00f3n natural 100%.\" \/>\n<meta name=\"robots\" content=\"index, follow, max-snippet:-1, max-image-preview:large, max-video-preview:-1\" \/>\n<link rel=\"canonical\" href=\"https:\/\/bluziman.com\/?product=bluziman-sabana-bajera-150x200-premium-400-hilos-hecho-en-espana-lujoso-saten-100-algodon-natural-peinado-virgen-de-fibra-larga-sabana-bajera-ajustable\" \/>\n<meta property=\"og:locale\" content=\"es_ES\" \/>\n<meta property=\"og:type\" content=\"article\" \/>\n<meta property=\"og:title\" content=\"BLUZIMAN\u00ae - Sabana Bajera 150x200 Premium 400 Hilos Hecho en Espa\u00f1a, Lujoso Sat\u00e9n 100% Algodon Natural Peinado Virgen de Fibra Larga, S\u00e1bana Bajera Ajustable - Bluziman\" \/>\n<meta property=\"og:description\" content=\"S\u00e1bana bajera de 400 hilos Hecha en Espa\u00f1a con algod\u00f3n natural 100%.\" \/>\n<meta property=\"og:url\" content=\"https:\/\/bluziman.com\/?product=bluziman-sabana-bajera-150x200-premium-400-hilos-hecho-en-espana-lujoso-saten-100-algodon-natural-peinado-virgen-de-fibra-larga-sabana-bajera-ajustable\" \/>\n<meta property=\"og:site_name\" content=\"Bluziman\" \/>\n<meta property=\"article:modified_time\" content=\"2025-01-17T13:50:24+00:00\" \/>\n<meta property=\"og:image\" content=\"https:\/\/bluziman.com\/wp-content\/uploads\/2024\/10\/bajera.jpg\" \/>\n\t<meta property=\"og:image:width\" content=\"1797\" \/>\n\t<meta property=\"og:image:height\" content=\"1754\" \/>\n\t<meta property=\"og:image:type\" content=\"image\/jpeg\" \/>\n<meta name=\"twitter:card\" content=\"summary_large_image\" \/>\n<meta name=\"twitter:label1\" content=\"Tiempo de lectura\" \/>\n\t<meta name=\"twitter:data1\" content=\"2 minutos\" \/>\n<script type=\"application\/ld+json\" class=\"yoast-schema-graph\">{\"@context\":\"https:\\\/\\\/schema.org\",\"@graph\":[{\"@type\":\"WebPage\",\"@id\":\"https:\\\/\\\/bluziman.com\\\/?product=bluziman-sabana-bajera-150x200-premium-400-hilos-hecho-en-espana-lujoso-saten-100-algodon-natural-peinado-virgen-de-fibra-larga-sabana-bajera-ajustable\",\"url\":\"https:\\\/\\\/bluziman.com\\\/?product=bluziman-sabana-bajera-150x200-premium-400-hilos-hecho-en-espana-lujoso-saten-100-algodon-natural-peinado-virgen-de-fibra-larga-sabana-bajera-ajustable\",\"name\":\"BLUZIMAN\u00ae - Sabana Bajera 150x200 Premium 400 Hilos Hecho en Espa\u00f1a, Lujoso Sat\u00e9n 100% Algodon Natural Peinado Virgen de Fibra Larga, S\u00e1bana Bajera Ajustable - Bluziman\",\"isPartOf\":{\"@id\":\"https:\\\/\\\/bluziman.com\\\/#website\"},\"primaryImageOfPage\":{\"@id\":\"https:\\\/\\\/bluziman.com\\\/?product=bluziman-sabana-bajera-150x200-premium-400-hilos-hecho-en-espana-lujoso-saten-100-algodon-natural-peinado-virgen-de-fibra-larga-sabana-bajera-ajustable#primaryimage\"},\"image\":{\"@id\":\"https:\\\/\\\/bluziman.com\\\/?product=bluziman-sabana-bajera-150x200-premium-400-hilos-hecho-en-espana-lujoso-saten-100-algodon-natural-peinado-virgen-de-fibra-larga-sabana-bajera-ajustable#primaryimage\"},\"thumbnailUrl\":\"https:\\\/\\\/bluziman.com\\\/wp-content\\\/uploads\\\/2024\\\/10\\\/bajera.jpg\",\"datePublished\":\"2024-10-31T11:00:40+00:00\",\"dateModified\":\"2025-01-17T13:50:24+00:00\",\"description\":\"S\u00e1bana bajera de 400 hilos Hecha en Espa\u00f1a con algod\u00f3n natural 100%.\",\"breadcrumb\":{\"@id\":\"https:\\\/\\\/bluziman.com\\\/?product=bluziman-sabana-bajera-150x200-premium-400-hilos-hecho-en-espana-lujoso-saten-100-algodon-natural-peinado-virgen-de-fibra-larga-sabana-bajera-ajustable#breadcrumb\"},\"inLanguage\":\"es\",\"potentialAction\":[{\"@type\":\"ReadAction\",\"target\":[\"https:\\\/\\\/bluziman.com\\\/?product=bluziman-sabana-bajera-150x200-premium-400-hilos-hecho-en-espana-lujoso-saten-100-algodon-natural-peinado-virgen-de-fibra-larga-sabana-bajera-ajustable\"]}]},{\"@type\":\"ImageObject\",\"inLanguage\":\"es\",\"@id\":\"https:\\\/\\\/bluziman.com\\\/?product=bluziman-sabana-bajera-150x200-premium-400-hilos-hecho-en-espana-lujoso-saten-100-algodon-natural-peinado-virgen-de-fibra-larga-sabana-bajera-ajustable#primaryimage\",\"url\":\"https:\\\/\\\/bluziman.com\\\/wp-content\\\/uploads\\\/2024\\\/10\\\/bajera.jpg\",\"contentUrl\":\"https:\\\/\\\/bluziman.com\\\/wp-content\\\/uploads\\\/2024\\\/10\\\/bajera.jpg\",\"width\":1797,\"height\":1754},{\"@type\":\"BreadcrumbList\",\"@id\":\"https:\\\/\\\/bluziman.com\\\/?product=bluziman-sabana-bajera-150x200-premium-400-hilos-hecho-en-espana-lujoso-saten-100-algodon-natural-peinado-virgen-de-fibra-larga-sabana-bajera-ajustable#breadcrumb\",\"itemListElement\":[{\"@type\":\"ListItem\",\"position\":1,\"name\":\"Portada\",\"item\":\"https:\\\/\\\/bluziman.com\\\/\"},{\"@type\":\"ListItem\",\"position\":2,\"name\":\"Tienda\",\"item\":\"https:\\\/\\\/bluziman.com\\\/?page_id=38\"},{\"@type\":\"ListItem\",\"position\":3,\"name\":\"BLUZIMAN\u00ae &#8211; Sabana Bajera 150&#215;200 Premium 400 Hilos Hecho en Espa\u00f1a, Lujoso Sat\u00e9n 100% Algodon Natural Peinado Virgen de Fibra Larga, S\u00e1bana Bajera Ajustable\"}]},{\"@type\":\"WebSite\",\"@id\":\"https:\\\/\\\/bluziman.com\\\/#website\",\"url\":\"https:\\\/\\\/bluziman.com\\\/\",\"name\":\"Bluziman\",\"description\":\"L\u00edder en mercado\",\"publisher\":{\"@id\":\"https:\\\/\\\/bluziman.com\\\/#organization\"},\"potentialAction\":[{\"@type\":\"SearchAction\",\"target\":{\"@type\":\"EntryPoint\",\"urlTemplate\":\"https:\\\/\\\/bluziman.com\\\/?s={search_term_string}\"},\"query-input\":{\"@type\":\"PropertyValueSpecification\",\"valueRequired\":true,\"valueName\":\"search_term_string\"}}],\"inLanguage\":\"es\"},{\"@type\":\"Organization\",\"@id\":\"https:\\\/\\\/bluziman.com\\\/#organization\",\"name\":\"Bluziman\",\"url\":\"https:\\\/\\\/bluziman.com\\\/\",\"logo\":{\"@type\":\"ImageObject\",\"inLanguage\":\"es\",\"@id\":\"https:\\\/\\\/bluziman.com\\\/#\\\/schema\\\/logo\\\/image\\\/\",\"url\":\"https:\\\/\\\/bluziman.com\\\/wp-content\\\/uploads\\\/2023\\\/12\\\/cropped-Logo-png.png\",\"contentUrl\":\"https:\\\/\\\/bluziman.com\\\/wp-content\\\/uploads\\\/2023\\\/12\\\/cropped-Logo-png.png\",\"width\":677,\"height\":721,\"caption\":\"Bluziman\"},\"image\":{\"@id\":\"https:\\\/\\\/bluziman.com\\\/#\\\/schema\\\/logo\\\/image\\\/\"}}]}<\/script>\n<!-- \/ Yoast SEO plugin. -->","yoast_head_json":{"title":"BLUZIMAN\u00ae - Sabana Bajera 150x200 Premium 400 Hilos Hecho en Espa\u00f1a, Lujoso Sat\u00e9n 100% Algodon Natural Peinado Virgen de Fibra Larga, S\u00e1bana Bajera Ajustable - Bluziman","description":"S\u00e1bana bajera de 400 hilos Hecha en Espa\u00f1a con algod\u00f3n natural 100%.","robots":{"index":"index","follow":"follow","max-snippet":"max-snippet:-1","max-image-preview":"max-image-preview:large","max-video-preview":"max-video-preview:-1"},"canonical":"https:\/\/bluziman.com\/?product=bluziman-sabana-bajera-150x200-premium-400-hilos-hecho-en-espana-lujoso-saten-100-algodon-natural-peinado-virgen-de-fibra-larga-sabana-bajera-ajustable","og_locale":"es_ES","og_type":"article","og_title":"BLUZIMAN\u00ae - Sabana Bajera 150x200 Premium 400 Hilos Hecho en Espa\u00f1a, Lujoso Sat\u00e9n 100% Algodon Natural Peinado Virgen de Fibra Larga, S\u00e1bana Bajera Ajustable - Bluziman","og_description":"S\u00e1bana bajera de 400 hilos Hecha en Espa\u00f1a con algod\u00f3n natural 100%.","og_url":"https:\/\/bluziman.com\/?product=bluziman-sabana-bajera-150x200-premium-400-hilos-hecho-en-espana-lujoso-saten-100-algodon-natural-peinado-virgen-de-fibra-larga-sabana-bajera-ajustable","og_site_name":"Bluziman","article_modified_time":"2025-01-17T13:50:24+00:00","og_image":[{"width":1797,"height":1754,"url":"https:\/\/bluziman.com\/wp-content\/uploads\/2024\/10\/bajera.jpg","type":"image\/jpeg"}],"twitter_card":"summary_large_image","twitter_misc":{"Tiempo de lectura":"2 minutos"},"schema":{"@context":"https:\/\/schema.org","@graph":[{"@type":"WebPage","@id":"https:\/\/bluziman.com\/?product=bluziman-sabana-bajera-150x200-premium-400-hilos-hecho-en-espana-lujoso-saten-100-algodon-natural-peinado-virgen-de-fibra-larga-sabana-bajera-ajustable","url":"https:\/\/bluziman.com\/?product=bluziman-sabana-bajera-150x200-premium-400-hilos-hecho-en-espana-lujoso-saten-100-algodon-natural-peinado-virgen-de-fibra-larga-sabana-bajera-ajustable","name":"BLUZIMAN\u00ae - Sabana Bajera 150x200 Premium 400 Hilos Hecho en Espa\u00f1a, Lujoso Sat\u00e9n 100% Algodon Natural Peinado Virgen de Fibra Larga, S\u00e1bana Bajera Ajustable - Bluziman","isPartOf":{"@id":"https:\/\/bluziman.com\/#website"},"primaryImageOfPage":{"@id":"https:\/\/bluziman.com\/?product=bluziman-sabana-bajera-150x200-premium-400-hilos-hecho-en-espana-lujoso-saten-100-algodon-natural-peinado-virgen-de-fibra-larga-sabana-bajera-ajustable#primaryimage"},"image":{"@id":"https:\/\/bluziman.com\/?product=bluziman-sabana-bajera-150x200-premium-400-hilos-hecho-en-espana-lujoso-saten-100-algodon-natural-peinado-virgen-de-fibra-larga-sabana-bajera-ajustable#primaryimage"},"thumbnailUrl":"https:\/\/bluziman.com\/wp-content\/uploads\/2024\/10\/bajera.jpg","datePublished":"2024-10-31T11:00:40+00:00","dateModified":"2025-01-17T13:50:24+00:00","description":"S\u00e1bana bajera de 400 hilos Hecha en Espa\u00f1a con algod\u00f3n natural 100%.","breadcrumb":{"@id":"https:\/\/bluziman.com\/?product=bluziman-sabana-bajera-150x200-premium-400-hilos-hecho-en-espana-lujoso-saten-100-algodon-natural-peinado-virgen-de-fibra-larga-sabana-bajera-ajustable#breadcrumb"},"inLanguage":"es","potentialAction":[{"@type":"ReadAction","target":["https:\/\/bluziman.com\/?product=bluziman-sabana-bajera-150x200-premium-400-hilos-hecho-en-espana-lujoso-saten-100-algodon-natural-peinado-virgen-de-fibra-larga-sabana-bajera-ajustable"]}]},{"@type":"ImageObject","inLanguage":"es","@id":"https:\/\/bluziman.com\/?product=bluziman-sabana-bajera-150x200-premium-400-hilos-hecho-en-espana-lujoso-saten-100-algodon-natural-peinado-virgen-de-fibra-larga-sabana-bajera-ajustable#primaryimage","url":"https:\/\/bluziman.com\/wp-content\/uploads\/2024\/10\/bajera.jpg","contentUrl":"https:\/\/bluziman.com\/wp-content\/uploads\/2024\/10\/bajera.jpg","width":1797,"height":1754},{"@type":"BreadcrumbList","@id":"https:\/\/bluziman.com\/?product=bluziman-sabana-bajera-150x200-premium-400-hilos-hecho-en-espana-lujoso-saten-100-algodon-natural-peinado-virgen-de-fibra-larga-sabana-bajera-ajustable#breadcrumb","itemListElement":[{"@type":"ListItem","position":1,"name":"Portada","item":"https:\/\/bluziman.com\/"},{"@type":"ListItem","position":2,"name":"Tienda","item":"https:\/\/bluziman.com\/?page_id=38"},{"@type":"ListItem","position":3,"name":"BLUZIMAN\u00ae &#8211; Sabana Bajera 150&#215;200 Premium 400 Hilos Hecho en Espa\u00f1a, Lujoso Sat\u00e9n 100% Algodon Natural Peinado Virgen de Fibra Larga, S\u00e1bana Bajera Ajustable"}]},{"@type":"WebSite","@id":"https:\/\/bluziman.com\/#website","url":"https:\/\/bluziman.com\/","name":"Bluziman","description":"L\u00edder en mercado","publisher":{"@id":"https:\/\/bluziman.com\/#organization"},"potentialAction":[{"@type":"SearchAction","target":{"@type":"EntryPoint","urlTemplate":"https:\/\/bluziman.com\/?s={search_term_string}"},"query-input":{"@type":"PropertyValueSpecification","valueRequired":true,"valueName":"search_term_string"}}],"inLanguage":"es"},{"@type":"Organization","@id":"https:\/\/bluziman.com\/#organization","name":"Bluziman","url":"https:\/\/bluziman.com\/","logo":{"@type":"ImageObject","inLanguage":"es","@id":"https:\/\/bluziman.com\/#\/schema\/logo\/image\/","url":"https:\/\/bluziman.com\/wp-content\/uploads\/2023\/12\/cropped-Logo-png.png","contentUrl":"https:\/\/bluziman.com\/wp-content\/uploads\/2023\/12\/cropped-Logo-png.png","width":677,"height":721,"caption":"Bluziman"},"image":{"@id":"https:\/\/bluziman.com\/#\/schema\/logo\/image\/"}}]}},"_links":{"self":[{"href":"https:\/\/bluziman.com\/index.php?rest_route=\/wp\/v2\/product\/4220","targetHints":{"allow":["GET"]}}],"collection":[{"href":"https:\/\/bluziman.com\/index.php?rest_route=\/wp\/v2\/product"}],"about":[{"href":"https:\/\/bluziman.com\/index.php?rest_route=\/wp\/v2\/types\/product"}],"version-history":[{"count":1,"href":"https:\/\/bluziman.com\/index.php?rest_route=\/wp\/v2\/product\/4220\/revisions"}],"predecessor-version":[{"id":4226,"href":"https:\/\/bluziman.com\/index.php?rest_route=\/wp\/v2\/product\/4220\/revisions\/4226"}],"wp:featuredmedia":[{"embeddable":true,"href":"https:\/\/bluziman.com\/index.php?rest_route=\/wp\/v2\/media\/4362"}],"wp:attachment":[{"href":"https:\/\/bluziman.com\/index.php?rest_route=%2Fwp%2Fv2%2Fmedia&parent=4220"}],"wp:term":[{"taxonomy":"product_brand","embeddable":true,"href":"https:\/\/bluziman.com\/index.php?rest_route=%2Fwp%2Fv2%2Fproduct_brand&post=4220"},{"taxonomy":"product_cat","embeddable":true,"href":"https:\/\/bluziman.com\/index.php?rest_route=%2Fwp%2Fv2%2Fproduct_cat&post=4220"},{"taxonomy":"product_tag","embeddable":true,"href":"https:\/\/bluziman.com\/index.php?rest_route=%2Fwp%2Fv2%2Fproduct_tag&post=4220"}],"curies":[{"name":"wp","href":"https:\/\/api.w.org\/{rel}","templated":true}]}}