{"id":4415,"date":"2025-05-22T11:15:33","date_gmt":"2025-05-22T11:15:33","guid":{"rendered":"https:\/\/bluziman.com\/?post_type=product&#038;p=4415"},"modified":"2025-06-03T10:54:37","modified_gmt":"2025-06-03T10:54:37","slug":"empapadores-lavables-2","status":"publish","type":"product","link":"https:\/\/bluziman.com\/?product=empapadores-lavables-2","title":{"rendered":"BLUZIMAN\u00ae Empapadores Cama Adultos, Empapadores Bebe Lavables Hecho en Espa\u00f1a, Protector Cama Certificado Oeko Tex Capa Seguridad Impermeable, Salvacamas S\u00faper Absorbentes (Pack de 3)"},"content":{"rendered":"<p>\u25ba SUE\u00d1OS TRANQUILOS, NOCHES SEGURAS. Despierta cada ma\u00f1ana con la frescura de las s\u00e1banas impecables. Nuestros empapadores ultra-absorbentes te brindan la protecci\u00f3n que necesitas, para que t\u00fa y tus seres queridos disfruten de un descanso reparador sin preocupaciones. Son ideales para proteger la cama de la incontinencia, sudoraci\u00f3n excesiva, derrames accidentales y m\u00e1s.<br \/>\n\u25ba SUAVIDAD QUE CUIDA, PROTECCI\u00d3N QUE DURA. Siente la caricia de nuestros materiales de alta calidad, dise\u00f1ados para mimar tu piel y resistir uso tras uso. Dile adi\u00f3s a las irritaciones y hola a la comodidad duradera.<br \/>\n\u25ba DISE\u00d1ADOS PARA DURAR, CREADOS PARA CUIDAR. Fabricados con materiales resistentes y costuras reforzadas, nuestros empapadores est\u00e1n hechos para acompa\u00f1arte lavado tras lavado. \u00a1Una inversi\u00f3n duradera en tu bienestar!<br \/>\n\u25ba M\u00c1XIMA HIGIENE Y CONTROL DE OLORES: Fabricado con materiales transpirables que ayudan a prevenir la proliferaci\u00f3n de bacterias y a controlar los olores, manteniendo una sensaci\u00f3n de frescura y limpieza.<br \/>\n\u25ba UN RESPIRO PARA EL PLANETA, UN ALIVIO PARA TI. \u00danete al movimiento eco-consciente con nuestros empapadores lavables. Reduce residuos y ahorra dinero, mientras disfrutas de la misma protecci\u00f3n y comodidad que los desechables. Lavables a m\u00e1quina y de secado r\u00e1pido, para una higiene impecable.<br \/>\n\u25ba MOMENTOS FELICES, SIN MANCHAS NI OLORES. Recupera la alegr\u00eda de compartir la cama con tus seres queridos, sin miedos ni verg\u00fcenzas. Nuestros empapadores capturan l\u00edquidos y olores, permiti\u00e9ndote disfrutar de cada abrazo y cada sonrisa.<\/p>\n","protected":false},"excerpt":{"rendered":"<p>\u25ba SUE\u00d1OS TRANQUILOS, NOCHES SEGURAS. Despierta cada ma\u00f1ana con la frescura de las s\u00e1banas impecables. Nuestros empapadores ultra-absorbentes te brindan la protecci\u00f3n que necesitas, para que t\u00fa y tus seres queridos disfruten de un descanso reparador sin preocupaciones. Son ideales para proteger la cama de la incontinencia, sudoraci\u00f3n excesiva, derrames accidentales y m\u00e1s. \u25ba SUAVIDAD [&hellip;]<\/p>\n","protected":false},"featured_media":4416,"template":"","meta":{"site-sidebar-layout":"default","site-content-layout":"","ast-site-content-layout":"default","site-content-style":"default","site-sidebar-style":"default","ast-global-header-display":"","ast-banner-title-visibility":"","ast-main-header-display":"","ast-hfb-above-header-display":"","ast-hfb-below-header-display":"","ast-hfb-mobile-header-display":"","site-post-title":"","ast-breadcrumbs-content":"","ast-featured-img":"","footer-sml-layout":"","theme-transparent-header-meta":"default","adv-header-id-meta":"","stick-header-meta":"","header-above-stick-meta":"","header-main-stick-meta":"","header-below-stick-meta":"","astra-migrate-meta-layouts":"set","ast-page-background-enabled":"default","ast-page-background-meta":{"desktop":{"background-color":"","background-image":"","background-repeat":"repeat","background-position":"center center","background-size":"auto","background-attachment":"scroll","background-type":"","background-media":"","overlay-type":"","overlay-color":"","overlay-opacity":"","overlay-gradient":""},"tablet":{"background-color":"","background-image":"","background-repeat":"repeat","background-position":"center center","background-size":"auto","background-attachment":"scroll","background-type":"","background-media":"","overlay-type":"","overlay-color":"","overlay-opacity":"","overlay-gradient":""},"mobile":{"background-color":"","background-image":"","background-repeat":"repeat","background-position":"center center","background-size":"auto","background-attachment":"scroll","background-type":"","background-media":"","overlay-type":"","overlay-color":"","overlay-opacity":"","overlay-gradient":""}},"ast-content-background-meta":{"desktop":{"background-color":"var(--ast-global-color-5)","background-image":"","background-repeat":"repeat","background-position":"center center","background-size":"auto","background-attachment":"scroll","background-type":"","background-media":"","overlay-type":"","overlay-color":"","overlay-opacity":"","overlay-gradient":""},"tablet":{"background-color":"var(--ast-global-color-5)","background-image":"","background-repeat":"repeat","background-position":"center center","background-size":"auto","background-attachment":"scroll","background-type":"","background-media":"","overlay-type":"","overlay-color":"","overlay-opacity":"","overlay-gradient":""},"mobile":{"background-color":"var(--ast-global-color-5)","background-image":"","background-repeat":"repeat","background-position":"center center","background-size":"auto","background-attachment":"scroll","background-type":"","background-media":"","overlay-type":"","overlay-color":"","overlay-opacity":"","overlay-gradient":""}}},"product_brand":[138],"product_cat":[139],"product_tag":[142,141,143],"class_list":{"0":"post-4415","1":"product","2":"type-product","3":"status-publish","4":"has-post-thumbnail","6":"product_brand-bluziman","7":"product_cat-empapadores","8":"product_tag-empapador","9":"product_tag-empapadores-lavables","10":"product_tag-lavable","11":"desktop-align-center","12":"tablet-align-left","13":"mobile-align-left","15":"first","16":"instock","17":"featured","18":"shipping-taxable","19":"product-type-external"},"yoast_head":"<!-- This site is optimized with the Yoast SEO plugin v27.6 - https:\/\/yoast.com\/product\/yoast-seo-wordpress\/ -->\n<title>BLUZIMAN\u00ae Empapadores Cama Adultos, Empapadores Bebe Lavables Hecho en Espa\u00f1a, Protector Cama Certificado Oeko Tex Capa Seguridad Impermeable, Salvacamas S\u00faper Absorbentes (Pack de 3) - Bluziman<\/title>\n<meta name=\"description\" content=\"Protecci\u00f3n total para un descanso sin preocupaciones: ideal para incontinencia, ni\u00f1os, adultos mayores, sudoraci\u00f3n excesiva y protecci\u00f3n general de la cama. \u00a1Duerme tranquilo toda la noche!\" \/>\n<meta name=\"robots\" content=\"index, follow, max-snippet:-1, max-image-preview:large, max-video-preview:-1\" \/>\n<link rel=\"canonical\" href=\"https:\/\/bluziman.com\/?product=empapadores-lavables-2\" \/>\n<meta property=\"og:locale\" content=\"es_ES\" \/>\n<meta property=\"og:type\" content=\"article\" \/>\n<meta property=\"og:title\" content=\"BLUZIMAN\u00ae Empapadores Cama Adultos, Empapadores Bebe Lavables Hecho en Espa\u00f1a, Protector Cama Certificado Oeko Tex Capa Seguridad Impermeable, Salvacamas S\u00faper Absorbentes (Pack de 3) - Bluziman\" \/>\n<meta property=\"og:description\" content=\"Protecci\u00f3n total para un descanso sin preocupaciones: ideal para incontinencia, ni\u00f1os, adultos mayores, sudoraci\u00f3n excesiva y protecci\u00f3n general de la cama. \u00a1Duerme tranquilo toda la noche!\" \/>\n<meta property=\"og:url\" content=\"https:\/\/bluziman.com\/?product=empapadores-lavables-2\" \/>\n<meta property=\"og:site_name\" content=\"Bluziman\" \/>\n<meta property=\"article:modified_time\" content=\"2025-06-03T10:54:37+00:00\" \/>\n<meta property=\"og:image\" content=\"https:\/\/bluziman.com\/wp-content\/uploads\/2025\/05\/B0F7XMYQZJ.MAIN_.jpg\" \/>\n\t<meta property=\"og:image:width\" content=\"1123\" \/>\n\t<meta property=\"og:image:height\" content=\"1033\" \/>\n\t<meta property=\"og:image:type\" content=\"image\/jpeg\" \/>\n<meta name=\"twitter:card\" content=\"summary_large_image\" \/>\n<meta name=\"twitter:label1\" content=\"Tiempo de lectura\" \/>\n\t<meta name=\"twitter:data1\" content=\"1 minuto\" \/>\n<script type=\"application\/ld+json\" class=\"yoast-schema-graph\">{\"@context\":\"https:\\\/\\\/schema.org\",\"@graph\":[{\"@type\":\"WebPage\",\"@id\":\"https:\\\/\\\/bluziman.com\\\/?product=empapadores-lavables-2\",\"url\":\"https:\\\/\\\/bluziman.com\\\/?product=empapadores-lavables-2\",\"name\":\"BLUZIMAN\u00ae Empapadores Cama Adultos, Empapadores Bebe Lavables Hecho en Espa\u00f1a, Protector Cama Certificado Oeko Tex Capa Seguridad Impermeable, Salvacamas S\u00faper Absorbentes (Pack de 3) - Bluziman\",\"isPartOf\":{\"@id\":\"https:\\\/\\\/bluziman.com\\\/#website\"},\"primaryImageOfPage\":{\"@id\":\"https:\\\/\\\/bluziman.com\\\/?product=empapadores-lavables-2#primaryimage\"},\"image\":{\"@id\":\"https:\\\/\\\/bluziman.com\\\/?product=empapadores-lavables-2#primaryimage\"},\"thumbnailUrl\":\"https:\\\/\\\/bluziman.com\\\/wp-content\\\/uploads\\\/2025\\\/05\\\/B0F7XMYQZJ.MAIN_.jpg\",\"datePublished\":\"2025-05-22T11:15:33+00:00\",\"dateModified\":\"2025-06-03T10:54:37+00:00\",\"description\":\"Protecci\u00f3n total para un descanso sin preocupaciones: ideal para incontinencia, ni\u00f1os, adultos mayores, sudoraci\u00f3n excesiva y protecci\u00f3n general de la cama. \u00a1Duerme tranquilo toda la noche!\",\"breadcrumb\":{\"@id\":\"https:\\\/\\\/bluziman.com\\\/?product=empapadores-lavables-2#breadcrumb\"},\"inLanguage\":\"es\",\"potentialAction\":[{\"@type\":\"ReadAction\",\"target\":[\"https:\\\/\\\/bluziman.com\\\/?product=empapadores-lavables-2\"]}]},{\"@type\":\"ImageObject\",\"inLanguage\":\"es\",\"@id\":\"https:\\\/\\\/bluziman.com\\\/?product=empapadores-lavables-2#primaryimage\",\"url\":\"https:\\\/\\\/bluziman.com\\\/wp-content\\\/uploads\\\/2025\\\/05\\\/B0F7XMYQZJ.MAIN_.jpg\",\"contentUrl\":\"https:\\\/\\\/bluziman.com\\\/wp-content\\\/uploads\\\/2025\\\/05\\\/B0F7XMYQZJ.MAIN_.jpg\",\"width\":1123,\"height\":1033},{\"@type\":\"BreadcrumbList\",\"@id\":\"https:\\\/\\\/bluziman.com\\\/?product=empapadores-lavables-2#breadcrumb\",\"itemListElement\":[{\"@type\":\"ListItem\",\"position\":1,\"name\":\"Portada\",\"item\":\"https:\\\/\\\/bluziman.com\\\/\"},{\"@type\":\"ListItem\",\"position\":2,\"name\":\"Tienda\",\"item\":\"https:\\\/\\\/bluziman.com\\\/?page_id=38\"},{\"@type\":\"ListItem\",\"position\":3,\"name\":\"BLUZIMAN\u00ae Empapadores Cama Adultos, Empapadores Bebe Lavables Hecho en Espa\u00f1a, Protector Cama Certificado Oeko Tex Capa Seguridad Impermeable, Salvacamas S\u00faper Absorbentes (Pack de 3)\"}]},{\"@type\":\"WebSite\",\"@id\":\"https:\\\/\\\/bluziman.com\\\/#website\",\"url\":\"https:\\\/\\\/bluziman.com\\\/\",\"name\":\"Bluziman\",\"description\":\"L\u00edder en mercado\",\"publisher\":{\"@id\":\"https:\\\/\\\/bluziman.com\\\/#organization\"},\"potentialAction\":[{\"@type\":\"SearchAction\",\"target\":{\"@type\":\"EntryPoint\",\"urlTemplate\":\"https:\\\/\\\/bluziman.com\\\/?s={search_term_string}\"},\"query-input\":{\"@type\":\"PropertyValueSpecification\",\"valueRequired\":true,\"valueName\":\"search_term_string\"}}],\"inLanguage\":\"es\"},{\"@type\":\"Organization\",\"@id\":\"https:\\\/\\\/bluziman.com\\\/#organization\",\"name\":\"Bluziman\",\"url\":\"https:\\\/\\\/bluziman.com\\\/\",\"logo\":{\"@type\":\"ImageObject\",\"inLanguage\":\"es\",\"@id\":\"https:\\\/\\\/bluziman.com\\\/#\\\/schema\\\/logo\\\/image\\\/\",\"url\":\"https:\\\/\\\/bluziman.com\\\/wp-content\\\/uploads\\\/2023\\\/12\\\/cropped-Logo-png.png\",\"contentUrl\":\"https:\\\/\\\/bluziman.com\\\/wp-content\\\/uploads\\\/2023\\\/12\\\/cropped-Logo-png.png\",\"width\":677,\"height\":721,\"caption\":\"Bluziman\"},\"image\":{\"@id\":\"https:\\\/\\\/bluziman.com\\\/#\\\/schema\\\/logo\\\/image\\\/\"}}]}<\/script>\n<!-- \/ Yoast SEO plugin. -->","yoast_head_json":{"title":"BLUZIMAN\u00ae Empapadores Cama Adultos, Empapadores Bebe Lavables Hecho en Espa\u00f1a, Protector Cama Certificado Oeko Tex Capa Seguridad Impermeable, Salvacamas S\u00faper Absorbentes (Pack de 3) - Bluziman","description":"Protecci\u00f3n total para un descanso sin preocupaciones: ideal para incontinencia, ni\u00f1os, adultos mayores, sudoraci\u00f3n excesiva y protecci\u00f3n general de la cama. \u00a1Duerme tranquilo toda la noche!","robots":{"index":"index","follow":"follow","max-snippet":"max-snippet:-1","max-image-preview":"max-image-preview:large","max-video-preview":"max-video-preview:-1"},"canonical":"https:\/\/bluziman.com\/?product=empapadores-lavables-2","og_locale":"es_ES","og_type":"article","og_title":"BLUZIMAN\u00ae Empapadores Cama Adultos, Empapadores Bebe Lavables Hecho en Espa\u00f1a, Protector Cama Certificado Oeko Tex Capa Seguridad Impermeable, Salvacamas S\u00faper Absorbentes (Pack de 3) - Bluziman","og_description":"Protecci\u00f3n total para un descanso sin preocupaciones: ideal para incontinencia, ni\u00f1os, adultos mayores, sudoraci\u00f3n excesiva y protecci\u00f3n general de la cama. \u00a1Duerme tranquilo toda la noche!","og_url":"https:\/\/bluziman.com\/?product=empapadores-lavables-2","og_site_name":"Bluziman","article_modified_time":"2025-06-03T10:54:37+00:00","og_image":[{"width":1123,"height":1033,"url":"https:\/\/bluziman.com\/wp-content\/uploads\/2025\/05\/B0F7XMYQZJ.MAIN_.jpg","type":"image\/jpeg"}],"twitter_card":"summary_large_image","twitter_misc":{"Tiempo de lectura":"1 minuto"},"schema":{"@context":"https:\/\/schema.org","@graph":[{"@type":"WebPage","@id":"https:\/\/bluziman.com\/?product=empapadores-lavables-2","url":"https:\/\/bluziman.com\/?product=empapadores-lavables-2","name":"BLUZIMAN\u00ae Empapadores Cama Adultos, Empapadores Bebe Lavables Hecho en Espa\u00f1a, Protector Cama Certificado Oeko Tex Capa Seguridad Impermeable, Salvacamas S\u00faper Absorbentes (Pack de 3) - Bluziman","isPartOf":{"@id":"https:\/\/bluziman.com\/#website"},"primaryImageOfPage":{"@id":"https:\/\/bluziman.com\/?product=empapadores-lavables-2#primaryimage"},"image":{"@id":"https:\/\/bluziman.com\/?product=empapadores-lavables-2#primaryimage"},"thumbnailUrl":"https:\/\/bluziman.com\/wp-content\/uploads\/2025\/05\/B0F7XMYQZJ.MAIN_.jpg","datePublished":"2025-05-22T11:15:33+00:00","dateModified":"2025-06-03T10:54:37+00:00","description":"Protecci\u00f3n total para un descanso sin preocupaciones: ideal para incontinencia, ni\u00f1os, adultos mayores, sudoraci\u00f3n excesiva y protecci\u00f3n general de la cama. \u00a1Duerme tranquilo toda la noche!","breadcrumb":{"@id":"https:\/\/bluziman.com\/?product=empapadores-lavables-2#breadcrumb"},"inLanguage":"es","potentialAction":[{"@type":"ReadAction","target":["https:\/\/bluziman.com\/?product=empapadores-lavables-2"]}]},{"@type":"ImageObject","inLanguage":"es","@id":"https:\/\/bluziman.com\/?product=empapadores-lavables-2#primaryimage","url":"https:\/\/bluziman.com\/wp-content\/uploads\/2025\/05\/B0F7XMYQZJ.MAIN_.jpg","contentUrl":"https:\/\/bluziman.com\/wp-content\/uploads\/2025\/05\/B0F7XMYQZJ.MAIN_.jpg","width":1123,"height":1033},{"@type":"BreadcrumbList","@id":"https:\/\/bluziman.com\/?product=empapadores-lavables-2#breadcrumb","itemListElement":[{"@type":"ListItem","position":1,"name":"Portada","item":"https:\/\/bluziman.com\/"},{"@type":"ListItem","position":2,"name":"Tienda","item":"https:\/\/bluziman.com\/?page_id=38"},{"@type":"ListItem","position":3,"name":"BLUZIMAN\u00ae Empapadores Cama Adultos, Empapadores Bebe Lavables Hecho en Espa\u00f1a, Protector Cama Certificado Oeko Tex Capa Seguridad Impermeable, Salvacamas S\u00faper Absorbentes (Pack de 3)"}]},{"@type":"WebSite","@id":"https:\/\/bluziman.com\/#website","url":"https:\/\/bluziman.com\/","name":"Bluziman","description":"L\u00edder en mercado","publisher":{"@id":"https:\/\/bluziman.com\/#organization"},"potentialAction":[{"@type":"SearchAction","target":{"@type":"EntryPoint","urlTemplate":"https:\/\/bluziman.com\/?s={search_term_string}"},"query-input":{"@type":"PropertyValueSpecification","valueRequired":true,"valueName":"search_term_string"}}],"inLanguage":"es"},{"@type":"Organization","@id":"https:\/\/bluziman.com\/#organization","name":"Bluziman","url":"https:\/\/bluziman.com\/","logo":{"@type":"ImageObject","inLanguage":"es","@id":"https:\/\/bluziman.com\/#\/schema\/logo\/image\/","url":"https:\/\/bluziman.com\/wp-content\/uploads\/2023\/12\/cropped-Logo-png.png","contentUrl":"https:\/\/bluziman.com\/wp-content\/uploads\/2023\/12\/cropped-Logo-png.png","width":677,"height":721,"caption":"Bluziman"},"image":{"@id":"https:\/\/bluziman.com\/#\/schema\/logo\/image\/"}}]}},"_links":{"self":[{"href":"https:\/\/bluziman.com\/index.php?rest_route=\/wp\/v2\/product\/4415","targetHints":{"allow":["GET"]}}],"collection":[{"href":"https:\/\/bluziman.com\/index.php?rest_route=\/wp\/v2\/product"}],"about":[{"href":"https:\/\/bluziman.com\/index.php?rest_route=\/wp\/v2\/types\/product"}],"version-history":[{"count":1,"href":"https:\/\/bluziman.com\/index.php?rest_route=\/wp\/v2\/product\/4415\/revisions"}],"predecessor-version":[{"id":4417,"href":"https:\/\/bluziman.com\/index.php?rest_route=\/wp\/v2\/product\/4415\/revisions\/4417"}],"wp:featuredmedia":[{"embeddable":true,"href":"https:\/\/bluziman.com\/index.php?rest_route=\/wp\/v2\/media\/4416"}],"wp:attachment":[{"href":"https:\/\/bluziman.com\/index.php?rest_route=%2Fwp%2Fv2%2Fmedia&parent=4415"}],"wp:term":[{"taxonomy":"product_brand","embeddable":true,"href":"https:\/\/bluziman.com\/index.php?rest_route=%2Fwp%2Fv2%2Fproduct_brand&post=4415"},{"taxonomy":"product_cat","embeddable":true,"href":"https:\/\/bluziman.com\/index.php?rest_route=%2Fwp%2Fv2%2Fproduct_cat&post=4415"},{"taxonomy":"product_tag","embeddable":true,"href":"https:\/\/bluziman.com\/index.php?rest_route=%2Fwp%2Fv2%2Fproduct_tag&post=4415"}],"curies":[{"name":"wp","href":"https:\/\/api.w.org\/{rel}","templated":true}]}}